{"id":2,"date":"2016-05-10T03:48:21","date_gmt":"2016-05-10T03:48:21","guid":{"rendered":"http:\/\/golf.m-bylebyl.de\/?page_id=2"},"modified":"2025-07-11T11:06:29","modified_gmt":"2025-07-11T11:06:29","slug":"sample-page","status":"publish","type":"page","link":"https:\/\/gc-brilon.de\/","title":{"rendered":"Willkommen"},"content":{"rendered":"<h4><span style=\"color: #339966;\"><strong>Herzlich Willkommen im Golfclub Brilon<\/strong><\/span><\/h4>\n<p>Wir begr\u00fc\u00dfen Sie auf unseren Webseiten und freuen uns, dass Sie zu uns gefunden haben. Verschaffen Sie sich einen \u00dcberblick und holen Sie sich n\u00fctzliche Informationen \u00fcber unsere Anlage und den Golfsport.<\/p>\n<p>\u00a0<\/p>\n\n\t\t<style type=\"text\/css\">\n\t\t\t#gallery-1 {\n\t\t\t\tmargin: auto;\n\t\t\t}\n\t\t\t#gallery-1 .gallery-item {\n\t\t\t\tfloat: left;\n\t\t\t\tmargin-top: 10px;\n\t\t\t\ttext-align: center;\n\t\t\t\twidth: 33%;\n\t\t\t}\n\t\t\t#gallery-1 img {\n\t\t\t\tborder: 2px solid #cfcfcf;\n\t\t\t}\n\t\t\t#gallery-1 .gallery-caption {\n\t\t\t\tmargin-left: 0;\n\t\t\t}\n\t\t\t\/* see gallery_shortcode() in wp-includes\/media.php *\/\n\t\t<\/style>\n\t\t<div id='gallery-1' class='gallery galleryid-2 gallery-columns-3 gallery-size-full'><dl class='gallery-item'>\n\t\t\t<dt class='gallery-icon landscape'>\n\t\t\t\t<a href='http:\/\/gc-brilon.de\/?page_id=39'><img loading=\"lazy\" decoding=\"async\" width=\"150\" height=\"150\" src=\"https:\/\/gc-brilon.de\/wp-content\/uploads\/2019\/03\/platz.jpg\" class=\"attachment-full size-full\" alt=\"\u00dcber unseren Platz\" \/><\/a>\n\t\t\t<\/dt><\/dl><dl class='gallery-item'>\n\t\t\t<dt class='gallery-icon landscape'>\n\t\t\t\t<a href='http:\/\/gc-brilon.de\/?page_id=166'><img loading=\"lazy\" decoding=\"async\" width=\"150\" height=\"150\" src=\"https:\/\/gc-brilon.de\/wp-content\/uploads\/2019\/03\/club.jpg\" class=\"attachment-full size-full\" alt=\"Link zu unserem Club\" \/><\/a>\n\t\t\t<\/dt><\/dl><dl class='gallery-item'>\n\t\t\t<dt class='gallery-icon landscape'>\n\t\t\t\t<a href='http:\/\/gc-brilon.de\/?page_id=843'><img loading=\"lazy\" decoding=\"async\" width=\"150\" height=\"150\" src=\"https:\/\/gc-brilon.de\/wp-content\/uploads\/2019\/03\/gaeste.jpg\" class=\"attachment-full size-full\" alt=\"Informationen f\u00fcr unsere G\u00e4ste\" \/><\/a>\n\t\t\t<\/dt><\/dl><br style=\"clear: both\" \/><dl class='gallery-item'>\n\t\t\t<dt class='gallery-icon landscape'>\n\t\t\t\t<a href='http:\/\/gc-brilon.de\/?page_id=646'><img loading=\"lazy\" decoding=\"async\" width=\"150\" height=\"150\" src=\"https:\/\/gc-brilon.de\/wp-content\/uploads\/2019\/03\/aktuelles.jpg\" class=\"attachment-full size-full\" alt=\"Aktuelles aus dem Clubleben und Turnierberichte\" \/><\/a>\n\t\t\t<\/dt><\/dl><dl class='gallery-item'>\n\t\t\t<dt class='gallery-icon landscape'>\n\t\t\t\t<a href='http:\/\/gc-brilon.de\/?page_id=651'><img loading=\"lazy\" decoding=\"async\" width=\"150\" height=\"150\" src=\"https:\/\/gc-brilon.de\/wp-content\/uploads\/2019\/03\/turniere.png\" class=\"attachment-full size-full\" alt=\"Turniere\" \/><\/a>\n\t\t\t<\/dt><\/dl><dl class='gallery-item'>\n\t\t\t<dt class='gallery-icon landscape'>\n\t\t\t\t<a href='http:\/\/gc-brilon.de\/?page_id=94'><img loading=\"lazy\" decoding=\"async\" width=\"145\" height=\"145\" src=\"https:\/\/gc-brilon.de\/wp-content\/uploads\/2019\/03\/werbepartner-1.jpg\" class=\"attachment-full size-full\" alt=\"Angebot unserer Werbepartner\" \/><\/a>\n\t\t\t<\/dt><\/dl><br style=\"clear: both\" \/>\n\t\t<\/div>\n\n\n\n<p><\/p>\n\n\n<form role=\"search\" method=\"get\" action=\"https:\/\/gc-brilon.de\/\" class=\"wp-block-search__button-outside wp-block-search__text-button wp-block-search\"    ><label class=\"wp-block-search__label\" for=\"wp-block-search__input-1\" >Suchen<\/label><div class=\"wp-block-search__inside-wrapper \" ><input class=\"wp-block-search__input\" id=\"wp-block-search__input-1\" placeholder=\"\" value=\"\" type=\"search\" name=\"s\" required \/><button aria-label=\"Suchen\" class=\"wp-block-search__button wp-element-button\" type=\"submit\" >Suchen<\/button><\/div><\/form>\n\n\n<p><\/p>\n","protected":false},"excerpt":{"rendered":"<p>Herzlich Willkommen im Golfclub Brilon Wir begr\u00fc\u00dfen Sie auf unseren Webseiten und freuen uns, dass Sie zu uns gefunden haben. Verschaffen Sie sich einen \u00dcberblick und holen Sie sich n\u00fctzliche Informationen \u00fcber unsere Anlage und den Golfsport. \u00a0<\/p>\n","protected":false},"author":1,"featured_media":0,"parent":0,"menu_order":0,"comment_status":"closed","ping_status":"open","template":"","meta":{"footnotes":"","_links_to":"","_links_to_target":""},"_links":{"self":[{"href":"https:\/\/gc-brilon.de\/index.php?rest_route=\/wp\/v2\/pages\/2"}],"collection":[{"href":"https:\/\/gc-brilon.de\/index.php?rest_route=\/wp\/v2\/pages"}],"about":[{"href":"https:\/\/gc-brilon.de\/index.php?rest_route=\/wp\/v2\/types\/page"}],"author":[{"embeddable":true,"href":"https:\/\/gc-brilon.de\/index.php?rest_route=\/wp\/v2\/users\/1"}],"replies":[{"embeddable":true,"href":"https:\/\/gc-brilon.de\/index.php?rest_route=%2Fwp%2Fv2%2Fcomments&post=2"}],"version-history":[{"count":27,"href":"https:\/\/gc-brilon.de\/index.php?rest_route=\/wp\/v2\/pages\/2\/revisions"}],"predecessor-version":[{"id":5136,"href":"https:\/\/gc-brilon.de\/index.php?rest_route=\/wp\/v2\/pages\/2\/revisions\/5136"}],"wp:attachment":[{"href":"https:\/\/gc-brilon.de\/index.php?rest_route=%2Fwp%2Fv2%2Fmedia&parent=2"}],"curies":[{"name":"wp","href":"https:\/\/api.w.org\/{rel}","templated":true}]}}