{"id":207,"date":"2019-03-02T12:44:12","date_gmt":"2019-03-02T12:44:12","guid":{"rendered":"http:\/\/golf.m-bylebyl.de\/?page_id=207"},"modified":"2023-04-10T19:58:38","modified_gmt":"2023-04-10T19:58:38","slug":"vorstand","status":"publish","type":"page","link":"https:\/\/gc-brilon.de\/?page_id=207","title":{"rendered":"Vorstand"},"content":{"rendered":"\n<figure class=\"wp-block-table\"><table class=\"has-fixed-layout\"><tbody><tr><td><img loading=\"lazy\" decoding=\"async\" width=\"150\" height=\"211\" class=\"wp-image-1031\" style=\"width: 150px;\" src=\"http:\/\/gc-brilon.de\/wp-content\/uploads\/2019\/08\/uli.jpg\" alt=\"\" srcset=\"https:\/\/gc-brilon.de\/wp-content\/uploads\/2019\/08\/uli.jpg 355w, https:\/\/gc-brilon.de\/wp-content\/uploads\/2019\/08\/uli-213x300.jpg 213w\" sizes=\"(max-width: 150px) 100vw, 150px\" \/><\/td><td><img loading=\"lazy\" decoding=\"async\" width=\"150\" height=\"211\" class=\"wp-image-4409\" style=\"width: 150px;\" src=\"https:\/\/gc-brilon.de\/wp-content\/uploads\/2023\/04\/Diana.jpg\" alt=\"\" srcset=\"https:\/\/gc-brilon.de\/wp-content\/uploads\/2023\/04\/Diana.jpg 355w, https:\/\/gc-brilon.de\/wp-content\/uploads\/2023\/04\/Diana-213x300.jpg 213w\" sizes=\"(max-width: 150px) 100vw, 150px\" \/><\/td><td><img loading=\"lazy\" decoding=\"async\" width=\"150\" height=\"211\" class=\"wp-image-1025\" style=\"width: 150px;\" src=\"http:\/\/gc-brilon.de\/wp-content\/uploads\/2019\/08\/juergen.jpg\" alt=\"\" srcset=\"https:\/\/gc-brilon.de\/wp-content\/uploads\/2019\/08\/juergen.jpg 355w, https:\/\/gc-brilon.de\/wp-content\/uploads\/2019\/08\/juergen-213x300.jpg 213w\" sizes=\"(max-width: 150px) 100vw, 150px\" \/><\/td><\/tr><tr><td>Ulrich Hilkenbach<br>Vorsitzender<\/td><td>Diana Beule<br>Vorsitzende<\/td><td>J\u00fcrgen Kraft<br>Vorsitzender<\/td><\/tr><tr><td><img loading=\"lazy\" decoding=\"async\" width=\"150\" height=\"167\" class=\"wp-image-4394\" style=\"width: 150px;\" src=\"https:\/\/gc-brilon.de\/wp-content\/uploads\/2023\/04\/Nadja-kl-1.jpg\" alt=\"\"><\/td><td><\/td><td><img loading=\"lazy\" decoding=\"async\" width=\"150\" height=\"167\" class=\"wp-image-4393\" style=\"width: 150px;\" src=\"https:\/\/gc-brilon.de\/wp-content\/uploads\/2023\/04\/Kati-kl.jpg\" alt=\"\"><\/td><\/tr><tr><td>Nadja Herbert-Vonhoff<br>Schatzmeisterin<\/td><td><\/td><td>Katja Stremme<br>Schriftf\u00fchrerin<\/td><\/tr><tr><td><img loading=\"lazy\" decoding=\"async\" width=\"150\" height=\"211\" class=\"wp-image-1024\" style=\"width: 150px;\" src=\"http:\/\/gc-brilon.de\/wp-content\/uploads\/2019\/08\/joerg.jpg\" alt=\"\" srcset=\"https:\/\/gc-brilon.de\/wp-content\/uploads\/2019\/08\/joerg.jpg 355w, https:\/\/gc-brilon.de\/wp-content\/uploads\/2019\/08\/joerg-213x300.jpg 213w\" sizes=\"(max-width: 150px) 100vw, 150px\" \/><\/td><td><\/td><td><img loading=\"lazy\" decoding=\"async\" width=\"150\" height=\"211\" class=\"wp-image-1028\" style=\"width: 150px;\" src=\"http:\/\/gc-brilon.de\/wp-content\/uploads\/2019\/08\/marcel.jpg\" alt=\"\" srcset=\"https:\/\/gc-brilon.de\/wp-content\/uploads\/2019\/08\/marcel.jpg 355w, https:\/\/gc-brilon.de\/wp-content\/uploads\/2019\/08\/marcel-213x300.jpg 213w\" sizes=\"(max-width: 150px) 100vw, 150px\" \/><\/td><\/tr><tr><td>J\u00f6rg Schirmak<br>Platzwart<\/td><td><\/td><td>Marcel Bylebyl<br>Spielf\u00fchrer\/Clubspielleiter<\/td><\/tr><tr><td><img loading=\"lazy\" decoding=\"async\" width=\"130\" height=\"195\" class=\"wp-image-224\" style=\"width: 130px;\" src=\"http:\/\/gc-brilon.de\/wp-content\/uploads\/2019\/03\/peter_stickel.png\" alt=\"\"><\/td><td><\/td><td><\/td><\/tr><tr><td>Peter Stickel<br>Ehrenpr\u00e4sident<\/td><td><\/td><td><\/td><\/tr><\/tbody><\/table><\/figure>\n","protected":false},"excerpt":{"rendered":"<p>Ulrich HilkenbachVorsitzender Diana BeuleVorsitzende J\u00fcrgen KraftVorsitzender Nadja Herbert-VonhoffSchatzmeisterin Katja StremmeSchriftf\u00fchrerin J\u00f6rg SchirmakPlatzwart Marcel BylebylSpielf\u00fchrer\/Clubspielleiter Peter StickelEhrenpr\u00e4sident<\/p>\n","protected":false},"author":2,"featured_media":0,"parent":0,"menu_order":0,"comment_status":"closed","ping_status":"closed","template":"","meta":{"footnotes":"","_links_to":"","_links_to_target":""},"_links":{"self":[{"href":"https:\/\/gc-brilon.de\/index.php?rest_route=\/wp\/v2\/pages\/207"}],"collection":[{"href":"https:\/\/gc-brilon.de\/index.php?rest_route=\/wp\/v2\/pages"}],"about":[{"href":"https:\/\/gc-brilon.de\/index.php?rest_route=\/wp\/v2\/types\/page"}],"author":[{"embeddable":true,"href":"https:\/\/gc-brilon.de\/index.php?rest_route=\/wp\/v2\/users\/2"}],"replies":[{"embeddable":true,"href":"https:\/\/gc-brilon.de\/index.php?rest_route=%2Fwp%2Fv2%2Fcomments&post=207"}],"version-history":[{"count":13,"href":"https:\/\/gc-brilon.de\/index.php?rest_route=\/wp\/v2\/pages\/207\/revisions"}],"predecessor-version":[{"id":4410,"href":"https:\/\/gc-brilon.de\/index.php?rest_route=\/wp\/v2\/pages\/207\/revisions\/4410"}],"wp:attachment":[{"href":"https:\/\/gc-brilon.de\/index.php?rest_route=%2Fwp%2Fv2%2Fmedia&parent=207"}],"curies":[{"name":"wp","href":"https:\/\/api.w.org\/{rel}","templated":true}]}}