{"id":261,"date":"2019-03-02T14:20:08","date_gmt":"2019-03-02T14:20:08","guid":{"rendered":"http:\/\/golf.m-bylebyl.de\/?page_id=261"},"modified":"2019-06-10T09:59:10","modified_gmt":"2019-06-10T09:59:10","slug":"bahn-5-14","status":"publish","type":"page","link":"https:\/\/gc-brilon.de\/?page_id=261","title":{"rendered":"Bahn 5\/14"},"content":{"rendered":"<p><a href=\"http:\/\/gc-brilon.de\/wp-content\/uploads\/2019\/06\/bahn5-14-bear.jpg\"><img loading=\"lazy\" decoding=\"async\" class=\"alignleft size-medium wp-image-561\" src=\"http:\/\/gc-brilon.de\/wp-content\/uploads\/2019\/06\/bahn5-14-bear-252x300.jpg\" alt=\"\" width=\"252\" height=\"300\" srcset=\"https:\/\/gc-brilon.de\/wp-content\/uploads\/2019\/06\/bahn5-14-bear-252x300.jpg 252w, https:\/\/gc-brilon.de\/wp-content\/uploads\/2019\/06\/bahn5-14-bear.jpg 750w\" sizes=\"(max-width: 252px) 100vw, 252px\" \/><\/a>Von der H\u00f6he f\u00fchrt diese Bahn ins Tal. Seitliche B\u00fcsche und B\u00e4ume begrenzen das Fairway. Zwei mittig auf dem Fairway platzierte B\u00e4ume dienen als Zielvorlage beim Abschlag. Das leichte Dogleg links f\u00fchrt weiter zum Gr\u00fcn, welches von einem vorliegenden und einem seitlichen Bunker eingerahmt wird.<\/p>\n<p><a href=\"http:\/\/gc-brilon.de\/wp-content\/uploads\/2019\/04\/20190419_144138.jpg\"><img loading=\"lazy\" decoding=\"async\" class=\"wp-image-470 size-medium\" src=\"http:\/\/gc-brilon.de\/wp-content\/uploads\/2019\/04\/20190419_144138-300x225.jpg\" alt=\"\" width=\"300\" height=\"225\" srcset=\"https:\/\/gc-brilon.de\/wp-content\/uploads\/2019\/04\/20190419_144138-300x225.jpg 300w, https:\/\/gc-brilon.de\/wp-content\/uploads\/2019\/04\/20190419_144138-768x576.jpg 768w, https:\/\/gc-brilon.de\/wp-content\/uploads\/2019\/04\/20190419_144138-1024x768.jpg 1024w, https:\/\/gc-brilon.de\/wp-content\/uploads\/2019\/04\/20190419_144138.jpg 1500w\" sizes=\"(max-width: 300px) 100vw, 300px\" \/><\/a><\/p>\n<table>\n<thead>\n<tr>\n<td>PAR<\/td>\n<td>HCP<\/td>\n<td>Herren<\/td>\n<td>Damen<\/td>\n<td>H\u00f6hendifferenz<\/td>\n<\/tr>\n<\/thead>\n<tbody>\n<tr>\n<td>4<\/td>\n<td>7<br \/>\n8<\/td>\n<td>348 m<br \/>\n311 m<\/td>\n<td>311 m<br \/>\n276 m<\/td>\n<td>&#8211; 27,40 m<\/td>\n<\/tr>\n<\/tbody>\n<\/table>\n","protected":false},"excerpt":{"rendered":"<p>Von der H\u00f6he f\u00fchrt diese Bahn ins Tal. Seitliche B\u00fcsche und B\u00e4ume begrenzen das Fairway. Zwei mittig auf dem Fairway platzierte B\u00e4ume dienen als Zielvorlage beim Abschlag. Das leichte Dogleg links f\u00fchrt weiter zum Gr\u00fcn, welches von einem vorliegenden und einem seitlichen Bunker eingerahmt wird. PAR HCP Herren Damen H\u00f6hendifferenz 4 7 8 348 m [&hellip;]<\/p>\n","protected":false},"author":2,"featured_media":0,"parent":0,"menu_order":0,"comment_status":"closed","ping_status":"closed","template":"","meta":{"footnotes":"","_links_to":"","_links_to_target":""},"_links":{"self":[{"href":"https:\/\/gc-brilon.de\/index.php?rest_route=\/wp\/v2\/pages\/261"}],"collection":[{"href":"https:\/\/gc-brilon.de\/index.php?rest_route=\/wp\/v2\/pages"}],"about":[{"href":"https:\/\/gc-brilon.de\/index.php?rest_route=\/wp\/v2\/types\/page"}],"author":[{"embeddable":true,"href":"https:\/\/gc-brilon.de\/index.php?rest_route=\/wp\/v2\/users\/2"}],"replies":[{"embeddable":true,"href":"https:\/\/gc-brilon.de\/index.php?rest_route=%2Fwp%2Fv2%2Fcomments&post=261"}],"version-history":[{"count":3,"href":"https:\/\/gc-brilon.de\/index.php?rest_route=\/wp\/v2\/pages\/261\/revisions"}],"predecessor-version":[{"id":562,"href":"https:\/\/gc-brilon.de\/index.php?rest_route=\/wp\/v2\/pages\/261\/revisions\/562"}],"wp:attachment":[{"href":"https:\/\/gc-brilon.de\/index.php?rest_route=%2Fwp%2Fv2%2Fmedia&parent=261"}],"curies":[{"name":"wp","href":"https:\/\/api.w.org\/{rel}","templated":true}]}}