{"id":3996,"date":"2022-07-13T19:39:44","date_gmt":"2022-07-13T19:39:44","guid":{"rendered":"https:\/\/gc-brilon.de\/?page_id=3996"},"modified":"2022-07-15T17:54:03","modified_gmt":"2022-07-15T17:54:03","slug":"erlebnistag-2022","status":"publish","type":"page","link":"https:\/\/gc-brilon.de\/?page_id=3996","title":{"rendered":"Golf-Erlebnistag 2022"},"content":{"rendered":"\n<div class=\"wp-block-contact-form-7-contact-form-selector\"><div role=\"form\" class=\"wpcf7\" id=\"wpcf7-f3995-o1\" lang=\"de-DE\" dir=\"ltr\">\n<div class=\"screen-reader-response\"><p role=\"status\" aria-live=\"polite\" aria-atomic=\"true\"><\/p> <ul><\/ul><\/div>\n<form action=\"\/index.php?rest_route=%2Fwp%2Fv2%2Fpages%2F3996#wpcf7-f3995-o1\" method=\"post\" class=\"wpcf7-form init\" novalidate=\"novalidate\" data-status=\"init\">\n<div style=\"display: none;\">\n<input type=\"hidden\" name=\"_wpcf7\" value=\"3995\" \/>\n<input type=\"hidden\" name=\"_wpcf7_version\" value=\"5.6\" \/>\n<input type=\"hidden\" name=\"_wpcf7_locale\" value=\"de_DE\" \/>\n<input type=\"hidden\" name=\"_wpcf7_unit_tag\" value=\"wpcf7-f3995-o1\" \/>\n<input type=\"hidden\" name=\"_wpcf7_container_post\" value=\"0\" \/>\n<input type=\"hidden\" name=\"_wpcf7_posted_data_hash\" value=\"\" \/>\n<\/div>\n<style>\n.wps-form {\n    width: 100%;\n    margin: 0 auto;\n}\n.wps-form-row {\n    display: flex;\n    flex-direction: column;\n    width: 100%;\n}\n.wps-form-row .wpcf7-form-control {\n    width: 100%;\n}\n.wps-form-column {\n    flex: 1;\n    padding: 0.5rem 0;\n    width: 100%;\n}\n@media screen and (min-width: 400px) {   \n.wps-form-row {\n        flex-direction: row;\n    }\n    .wps-form-column {\n        padding: 0.5rem 1rem;\n    }\n}<\/p>\n<\/style>\n<div class=\"wps-form\">\n<div class=\"wps-form-row\">\n<div class=\"wps-form-column\">\nSch\u00f6n, dass du beim kostenlosen Golf-Erlebnistag am 31.07.2022 dabei sein m\u00f6chtest.<\/br><br \/>\nBitte f\u00fclle noch die nachstehenden Angaben aus, um deine Teilnahme zu registrieren:\n        <\/div>\n<\/div>\n<div class=\"wps-form-row\">\n<div class=\"wps-form-column\">\n             <label>Vorname: <span class=\"wpcf7-form-control-wrap\" data-name=\"Vorname\"><input type=\"text\" name=\"Vorname\" value=\"\" size=\"40\" class=\"wpcf7-form-control wpcf7-text wpcf7-validates-as-required\" aria-required=\"true\" aria-invalid=\"false\" \/><\/span><\/label>\n        <\/div>\n<div class=\"wps-form-column\">\n             <label>Nachname: <span class=\"wpcf7-form-control-wrap\" data-name=\"Nachname\"><input type=\"text\" name=\"Nachname\" value=\"\" size=\"40\" class=\"wpcf7-form-control wpcf7-text wpcf7-validates-as-required\" aria-required=\"true\" aria-invalid=\"false\" \/><\/span><\/label>\n        <\/div>\n<\/div>\n<div class=\"wps-form-row\">\n<div class=\"wps-form-column\">\n             <label>Stra\u00dfe: <span class=\"wpcf7-form-control-wrap\" data-name=\"Strasse\"><input type=\"text\" name=\"Strasse\" value=\"\" size=\"40\" class=\"wpcf7-form-control wpcf7-text wpcf7-validates-as-required\" aria-required=\"true\" aria-invalid=\"false\" \/><\/span><\/label>\n        <\/div>\n<div class=\"wps-form-column\">\n             <label>PLZ\/Ort: <span class=\"wpcf7-form-control-wrap\" data-name=\"Ort\"><input type=\"text\" name=\"Ort\" value=\"\" size=\"40\" class=\"wpcf7-form-control wpcf7-text wpcf7-validates-as-required\" aria-required=\"true\" aria-invalid=\"false\" \/><\/span><\/label>\n        <\/div>\n<\/div>\n<div class=\"wps-form-row\">\n<div class=\"wps-form-column\">\n            <label>E-Mail-Adresse: <span class=\"wpcf7-form-control-wrap\" data-name=\"email\"><input type=\"email\" name=\"email\" value=\"\" size=\"40\" class=\"wpcf7-form-control wpcf7-text wpcf7-email wpcf7-validates-as-required wpcf7-validates-as-email\" aria-required=\"true\" aria-invalid=\"false\" \/><\/span><\/label>\n        <\/div>\n<\/div>\n<div class=\"wps-form-row\">\n<div class=\"wps-form-column\">\n            <label>Mobilnr. <span class=\"wpcf7-form-control-wrap\" data-name=\"tel\"><input type=\"tel\" name=\"tel\" value=\"\" size=\"40\" class=\"wpcf7-form-control wpcf7-text wpcf7-tel wpcf7-validates-as-required wpcf7-validates-as-tel\" aria-required=\"true\" aria-invalid=\"false\" \/><\/span><\/label>\n        <\/div>\n<\/div>\n<div class=\"wps-form-row\">\n<div class=\"wps-form-column\">\n            <label>Geburtsdatum <span class=\"wpcf7-form-control-wrap\" data-name=\"gebdatum\"><input type=\"date\" name=\"gebdatum\" value=\"\" class=\"wpcf7-form-control wpcf7-date wpcf7-validates-as-date\" aria-invalid=\"false\" \/><\/span><\/label>\n        <\/div>\n<\/div>\n<div class=\"wps-form-row\">\n<div class=\"wps-form-column\">\n            Ich habe bereits Golfkenntnisse? <span class=\"wpcf7-form-control-wrap\" data-name=\"golfkenntinisse\"><span class=\"wpcf7-form-control wpcf7-radio\"><span class=\"wpcf7-list-item first\"><span class=\"wpcf7-list-item-label\">Ja<\/span><input type=\"radio\" name=\"golfkenntinisse\" value=\"Ja\" checked=\"checked\" \/><\/span><span class=\"wpcf7-list-item last\"><span class=\"wpcf7-list-item-label\">Nein<\/span><input type=\"radio\" name=\"golfkenntinisse\" value=\"Nein\" \/><\/span><\/span><\/span>\n        <\/div>\n<\/div>\n<div class=\"wps-form-row\">\n<div class=\"wps-form-column\">\n            Teilnehmer <span class=\"wpcf7-form-control-wrap\" data-name=\"teilnehmer\"><input type=\"number\" name=\"teilnehmer\" value=\"1\" class=\"wpcf7-form-control wpcf7-number wpcf7-validates-as-required wpcf7-validates-as-number\" aria-required=\"true\" aria-invalid=\"false\" \/><\/span>\n        <\/div>\n<\/div>\n<div class=\"wps-form-row\">\n<div class=\"wps-form-column\">\n             <label>Erwachsene <span class=\"wpcf7-form-control-wrap\" data-name=\"erwachsene\"><input type=\"number\" name=\"erwachsene\" value=\"0\" class=\"wpcf7-form-control wpcf7-number wpcf7-validates-as-required wpcf7-validates-as-number\" aria-required=\"true\" aria-invalid=\"false\" \/><\/span><\/label>\n        <\/div>\n<div class=\"wps-form-column\">\n             <label>Kinder\/Jugendliche <span class=\"wpcf7-form-control-wrap\" data-name=\"kinder\"><input type=\"number\" name=\"kinder\" value=\"0\" class=\"wpcf7-form-control wpcf7-number wpcf7-validates-as-required wpcf7-validates-as-number\" aria-required=\"true\" aria-invalid=\"false\" \/><\/span><\/label>\n        <\/div>\n<\/div>\n<div class=\"wps-form-row\">\n<div class=\"wps-form-column\">\n            <label>Bemerkungen \/ Anregungen \/ Pers\u00f6nliche Informationen:<span class=\"wpcf7-form-control-wrap\" data-name=\"bemerkungen\"><textarea name=\"bemerkungen\" cols=\"40\" rows=\"10\" class=\"wpcf7-form-control wpcf7-textarea\" aria-invalid=\"false\"><\/textarea><\/span><\/label>\n        <\/div>\n<\/div>\n<div class=\"wps-form-row\">\n<div class=\"wps-form-column\">\n<p><label><span class=\"wpcf7-form-control-wrap\" data-name=\"acceptance\"><span class=\"wpcf7-form-control wpcf7-acceptance optional\"><span class=\"wpcf7-list-item\"><input type=\"checkbox\" name=\"acceptance\" value=\"1\" aria-invalid=\"false\" \/><\/span><\/span><\/span> Ich bin damit einverstanden, dass der Golfclub Brilon e. V. meine oben angegebene E-Mailadresse f\u00fcr die Zusendung von Informationen zu Kurs- und Spielangeboten des Golfclub Brilon e. V. nutzt. Ich kann diese Erkl\u00e4rung jederzeit gegen\u00fcber dem Golfclub Brilon e. V., H\u00f6lsterloh 6, 59929 Brilon oder per E-Mail widerrufen und damit einer k\u00fcnftigen Nutzung meiner Daten widersprechen.<\/label>\n        <\/div>\n<\/div>\n<div class=\"wps-form-row\">\n<div class=\"wps-form-column\">\n            <input type=\"submit\" value=\"Senden\" class=\"wpcf7-form-control has-spinner wpcf7-submit\" \/>\n        <\/div>\n<\/div>\n<\/div>\n<div class=\"wpcf7-response-output\" aria-hidden=\"true\"><\/div><\/form><\/div><\/div>\n\n\n\n<p><\/p>\n","protected":false},"excerpt":{"rendered":"","protected":false},"author":2,"featured_media":0,"parent":0,"menu_order":0,"comment_status":"closed","ping_status":"closed","template":"","meta":{"footnotes":"","_links_to":"","_links_to_target":""},"_links":{"self":[{"href":"https:\/\/gc-brilon.de\/index.php?rest_route=\/wp\/v2\/pages\/3996"}],"collection":[{"href":"https:\/\/gc-brilon.de\/index.php?rest_route=\/wp\/v2\/pages"}],"about":[{"href":"https:\/\/gc-brilon.de\/index.php?rest_route=\/wp\/v2\/types\/page"}],"author":[{"embeddable":true,"href":"https:\/\/gc-brilon.de\/index.php?rest_route=\/wp\/v2\/users\/2"}],"replies":[{"embeddable":true,"href":"https:\/\/gc-brilon.de\/index.php?rest_route=%2Fwp%2Fv2%2Fcomments&post=3996"}],"version-history":[{"count":3,"href":"https:\/\/gc-brilon.de\/index.php?rest_route=\/wp\/v2\/pages\/3996\/revisions"}],"predecessor-version":[{"id":4827,"href":"https:\/\/gc-brilon.de\/index.php?rest_route=\/wp\/v2\/pages\/3996\/revisions\/4827"}],"wp:attachment":[{"href":"https:\/\/gc-brilon.de\/index.php?rest_route=%2Fwp%2Fv2%2Fmedia&parent=3996"}],"curies":[{"name":"wp","href":"https:\/\/api.w.org\/{rel}","templated":true}]}}