{"id":429,"date":"2019-03-26T19:51:40","date_gmt":"2019-03-26T19:51:40","guid":{"rendered":"http:\/\/golf.m-bylebyl.de\/?page_id=429"},"modified":"2019-04-26T14:42:00","modified_gmt":"2019-04-26T14:42:00","slug":"geschichte","status":"publish","type":"page","link":"https:\/\/gc-brilon.de\/?page_id=429","title":{"rendered":"Geschichte"},"content":{"rendered":"<p><a href=\"http:\/\/gc-brilon.de\/wp-content\/uploads\/2019\/04\/geschichte1.jpg\"><img loading=\"lazy\" decoding=\"async\" class=\"alignnone wp-image-509\" title=\"Gel\u00e4nde\u00fcbersicht\" src=\"http:\/\/gc-brilon.de\/wp-content\/uploads\/2019\/04\/geschichte1-300x115.jpg\" alt=\"\" width=\"700\" height=\"268\" srcset=\"https:\/\/gc-brilon.de\/wp-content\/uploads\/2019\/04\/geschichte1-300x115.jpg 300w, https:\/\/gc-brilon.de\/wp-content\/uploads\/2019\/04\/geschichte1-768x294.jpg 768w, https:\/\/gc-brilon.de\/wp-content\/uploads\/2019\/04\/geschichte1-1024x392.jpg 1024w, https:\/\/gc-brilon.de\/wp-content\/uploads\/2019\/04\/geschichte1.jpg 2000w\" sizes=\"(max-width: 700px) 100vw, 700px\" \/><\/a><\/p>\n<p>Der Golfclub Brilon e.V. wurde im November 1986 gegr\u00fcndet.<\/p>\n<p>Der Wunsch in der Region nach Golfsport und ein am H\u00f6lsterloh ausgewiesenes Golfplatzgel\u00e4nde f\u00fchrten im Jahre 1989\u00a0 zum konkreten Planungsbeginn.<\/p>\n<p>Parallel zu der Planung eines zun\u00e4chst 9-Lochplatzes, mit der das renommierte Architektenb\u00fcro Spangemacher aus Oelde-S\u00fcnninghausen beauftragt worden war, begannen die Verhandlungen mit den Grundst\u00fcckseigent\u00fcmern. Unterst\u00fctzt durch die Verwaltung der Stadt Brilon und der katholischen Kirche.<\/p>\n<div class=\"img_caption right\">\n<p class=\"img_caption\"><a href=\"http:\/\/gc-brilon.de\/wp-content\/uploads\/2019\/04\/geschichte2.jpg\"><img loading=\"lazy\" decoding=\"async\" class=\"size-full wp-image-511 alignleft\" src=\"http:\/\/gc-brilon.de\/wp-content\/uploads\/2019\/04\/geschichte2.jpg\" alt=\"\" width=\"220\" height=\"220\" srcset=\"https:\/\/gc-brilon.de\/wp-content\/uploads\/2019\/04\/geschichte2.jpg 220w, https:\/\/gc-brilon.de\/wp-content\/uploads\/2019\/04\/geschichte2-150x150.jpg 150w\" sizes=\"(max-width: 220px) 100vw, 220px\" \/><\/a>Erster Spatenstich &#8211; v.l.n.r.: Peter Stickel (Pr\u00e4sident Golfclub Brilon), G\u00fcnter Dickel (ehemaliger Gesch\u00e4ftsf\u00fchrer Golfplatz Brilon GmbH), Franz H\u00fclshoff (ehemaliger B\u00fcrgermeister).<\/p>\n<\/div>\n<p>Am 22.06.1994 wurde mit dem ersten Spatenstich unter reger Anteilnahme der Golfclubmitglieder und weiter Bev\u00f6lkerungskreise durch den damaligen B\u00fcrgermeister Franz H\u00fclshoff, den Gesch\u00e4ftsf\u00fchrer der Golfplatz Brilon GmbH &amp; Co. KG, G\u00fcnter Dickel, und des Pr\u00e4sidenten des Golfclubs, Peter Stickel, begonnen.<\/p>\n<div class=\"img_caption left\">\n<p>&nbsp;<\/p>\n<\/div>\n<p class=\"img_caption\"><a href=\"http:\/\/gc-brilon.de\/wp-content\/uploads\/2019\/04\/uebersichtskarte.jpg\"><img loading=\"lazy\" decoding=\"async\" class=\"alignright wp-image-512 size-medium\" src=\"http:\/\/gc-brilon.de\/wp-content\/uploads\/2019\/04\/uebersichtskarte-300x186.jpg\" alt=\"\" width=\"300\" height=\"186\" srcset=\"https:\/\/gc-brilon.de\/wp-content\/uploads\/2019\/04\/uebersichtskarte-300x186.jpg 300w, https:\/\/gc-brilon.de\/wp-content\/uploads\/2019\/04\/uebersichtskarte.jpg 700w\" sizes=\"(max-width: 300px) 100vw, 300px\" \/><\/a><\/p>\n<p>&nbsp;<\/p>\n<p>Die Bauausf\u00fchrung lag in den H\u00e4nden der Firma J\u00fcrgen Mokinski aus Rheda-Wiedenbr\u00fcck.<\/p>\n<p>W\u00e4hrend der Bauausf\u00fchrung konnten die Golfclubmitglieder zun\u00e4chst auf einer \u00dcbungswiese in der N\u00e4he des Landgasthofes Gru\u00df und sp\u00e4ter auf einem Teil der heutigen Spielbahn 3 erste Golfschl\u00e4ge unter Anleitung des Pros Neil Bryan, der seit dem 01.03.1994 als Golflehrer angestellt war, \u00fcben.<\/p>\n<p>Greenkeeper Franz Asmuth wurde am 01.08.1995 eingestellt und begleitete den Platz im Entstehen und erwarb damit die f\u00fcr seine Arbeit so wichtigen Kenntnisse \u00fcber Struktur und Aufbau des Platzes.<\/p>\n<p>Zum 01.01.1995 konnte der Club die an der Spielbahn 9 gelegene Vereinsh\u00fctte der Versehrtensportgeneinschaft ( VSG ) anmieten, die im Laufe der Jahre als Clubhaus umgebaut wurde. Es entstand ein gro\u00dfer Gastraum mit Thresen, eine Sonnenterasse, ein B\u00fcro, Umkleider\u00e4ume mit Waschgelegenheiten\u00a0 im Obergeschoss. Um Platz f\u00fcr gro\u00dfe Veranstaltungen zu schaffen,\u00a0 wurde dem Clubhaus ein Zelt angegliedert, in dem bis zu 100 Personen bewirtet werden k\u00f6nnen.<\/p>\n<div class=\"img_caption right\">\n<p><a href=\"http:\/\/gc-brilon.de\/wp-content\/uploads\/2019\/04\/wiese.jpg\"><img loading=\"lazy\" decoding=\"async\" class=\"alignleft size-medium wp-image-513\" src=\"http:\/\/gc-brilon.de\/wp-content\/uploads\/2019\/04\/wiese-300x206.jpg\" alt=\"\" width=\"300\" height=\"206\" srcset=\"https:\/\/gc-brilon.de\/wp-content\/uploads\/2019\/04\/wiese-300x206.jpg 300w, https:\/\/gc-brilon.de\/wp-content\/uploads\/2019\/04\/wiese.jpg 700w\" sizes=\"(max-width: 300px) 100vw, 300px\" \/><\/a><\/p>\n<p class=\"img_caption\">\u00dcbungsbereich w\u00e4hrend der Bauphase &#8211; Jetzt Spielbahn 3.<\/p>\n<\/div>\n<p>Viele Mitglieder werden sich auch noch an gemeinsam durchgef\u00fchrte Bepflanzungsaktionen, sowie das Steine sammeln erinnern, bevor dann schlie\u00dflich am 29.06.1996 der Golfplatz er\u00f6ffnet werden konnte.<\/p>\n<p>Die Zahl der Golfclubmitglieder ist inzwischen auf\u00a0 \u00fcber 300 gestiegen. So hoffen wir durch Gewinnung weiterer Mitglieder die Grundlage daf\u00fcr zu schaffen, den Ausbau des Platzes auf 18-Loch in absehbarer Zeit konkret angehen zu k\u00f6nnen.<\/p>\n<p>Mitte des Jahres 2008 konnte der Golfclub eine bisher landwirtschaftlliche genutzte Fl\u00e4che anmieten. Hier entstand ein\u00a0 6 Loch Kurzplatz &#8211;\u00a0 der &#8222;Family Course&#8220;. Direkt am Parkplatz des Golfclubs gelegen, steht diese Anlage allen Interressenten ohne Vorkenntnisse und Platzreifepr\u00fcfung f\u00fcr die ersten Golfschw\u00fcnge zur Verf\u00fcgung.<\/p>\n","protected":false},"excerpt":{"rendered":"<p>Der Golfclub Brilon e.V. wurde im November 1986 gegr\u00fcndet. Der Wunsch in der Region nach Golfsport und ein am H\u00f6lsterloh ausgewiesenes Golfplatzgel\u00e4nde f\u00fchrten im Jahre 1989\u00a0 zum konkreten Planungsbeginn. Parallel zu der Planung eines zun\u00e4chst 9-Lochplatzes, mit der das renommierte Architektenb\u00fcro Spangemacher aus Oelde-S\u00fcnninghausen beauftragt worden war, begannen die Verhandlungen mit den Grundst\u00fcckseigent\u00fcmern. Unterst\u00fctzt durch [&hellip;]<\/p>\n","protected":false},"author":1,"featured_media":0,"parent":0,"menu_order":1,"comment_status":"closed","ping_status":"closed","template":"","meta":{"footnotes":"","_links_to":"","_links_to_target":""},"_links":{"self":[{"href":"https:\/\/gc-brilon.de\/index.php?rest_route=\/wp\/v2\/pages\/429"}],"collection":[{"href":"https:\/\/gc-brilon.de\/index.php?rest_route=\/wp\/v2\/pages"}],"about":[{"href":"https:\/\/gc-brilon.de\/index.php?rest_route=\/wp\/v2\/types\/page"}],"author":[{"embeddable":true,"href":"https:\/\/gc-brilon.de\/index.php?rest_route=\/wp\/v2\/users\/1"}],"replies":[{"embeddable":true,"href":"https:\/\/gc-brilon.de\/index.php?rest_route=%2Fwp%2Fv2%2Fcomments&post=429"}],"version-history":[{"count":6,"href":"https:\/\/gc-brilon.de\/index.php?rest_route=\/wp\/v2\/pages\/429\/revisions"}],"predecessor-version":[{"id":515,"href":"https:\/\/gc-brilon.de\/index.php?rest_route=\/wp\/v2\/pages\/429\/revisions\/515"}],"wp:attachment":[{"href":"https:\/\/gc-brilon.de\/index.php?rest_route=%2Fwp%2Fv2%2Fmedia&parent=429"}],"curies":[{"name":"wp","href":"https:\/\/api.w.org\/{rel}","templated":true}]}}