{"id":44,"date":"2019-01-04T09:45:54","date_gmt":"2019-01-04T09:45:54","guid":{"rendered":"http:\/\/golf.m-bylebyl.de\/?page_id=44"},"modified":"2019-06-05T13:53:16","modified_gmt":"2019-06-05T13:53:16","slug":"bahn-1-10","status":"publish","type":"page","link":"https:\/\/gc-brilon.de\/?page_id=44","title":{"rendered":"Bahn 1\/10"},"content":{"rendered":"<h4>Bahn 1\/10<a href=\"http:\/\/gc-brilon.de\/wp-content\/uploads\/2019\/04\/bahn1-10.jpg\"><img loading=\"lazy\" decoding=\"async\" class=\"alignleft wp-image-474 size-medium\" src=\"http:\/\/gc-brilon.de\/wp-content\/uploads\/2019\/04\/bahn1-10-271x300.jpg\" alt=\"\" width=\"271\" height=\"300\" srcset=\"https:\/\/gc-brilon.de\/wp-content\/uploads\/2019\/04\/bahn1-10-271x300.jpg 271w, https:\/\/gc-brilon.de\/wp-content\/uploads\/2019\/04\/bahn1-10.jpg 750w\" sizes=\"(max-width: 271px) 100vw, 271px\" \/><\/a><\/h4>\n<p>Vom Abschlag unterhalb des Starthauses f\u00fchrt die Bahn \u00fcber eine rote Penalty Area mit anschlie\u00dfendem Dogleg links zum Gr\u00fcn.<\/p>\n<p>Wegen der leichten Hanglage ist es empfehlenswert, die rechte Fairwayseite anzuspielen. Wer \u00fcber einen langen Abschlag verf\u00fcgt, kann den Ball direkt im Dogleg landen lassen und so die gelbe Penalty-Area links und die Ausgrenze rechts aus dem Spiel nehmen.<\/p>\n<div id=\"attachment_255\" style=\"width: 310px\" class=\"wp-caption alignleft\"><a href=\"http:\/\/gc-brilon.de\/wp-content\/uploads\/2019\/03\/loch1-10.png\"><img loading=\"lazy\" decoding=\"async\" aria-describedby=\"caption-attachment-255\" class=\"wp-image-255 size-medium\" src=\"http:\/\/gc-brilon.de\/wp-content\/uploads\/2019\/03\/loch1-10-300x284.png\" alt=\"\" width=\"300\" height=\"284\" srcset=\"https:\/\/gc-brilon.de\/wp-content\/uploads\/2019\/03\/loch1-10-300x284.png 300w, https:\/\/gc-brilon.de\/wp-content\/uploads\/2019\/03\/loch1-10.png 500w\" sizes=\"(max-width: 300px) 100vw, 300px\" \/><\/a><p id=\"caption-attachment-255\" class=\"wp-caption-text\">Bahn 1\/10<\/p><\/div>\n<p>Dann bietet sich das Gr\u00fcn, eingerahmt von zwei seitlichen Bunkern dem Spieler dar.<\/p>\n<table border=\"0\">\n<thead>\n<tr>\n<td style=\"text-align: left;\"><strong>PAR<\/strong><\/td>\n<td><strong>HCP<\/strong><\/td>\n<td style=\"text-align: left;\"><strong>Herren<\/strong><\/td>\n<td><strong>Damen<\/strong><\/td>\n<td><strong>H\u00f6hendifferenz<\/strong><\/td>\n<\/tr>\n<\/thead>\n<tbody>\n<tr align=\"right\">\n<td style=\"text-align: left;\">4<\/td>\n<td style=\"text-align: left;\" align=\"center\">9<br \/>\n10<\/td>\n<td style=\"text-align: left;\">319 m<br \/>\n288 m<\/td>\n<td style=\"text-align: left;\">288 m<br \/>\n251 m<\/td>\n<td style=\"text-align: left;\">&#8211; 18,60 m<\/td>\n<\/tr>\n<\/tbody>\n<\/table>\n","protected":false},"excerpt":{"rendered":"<p>Bahn 1\/10 Vom Abschlag unterhalb des Starthauses f\u00fchrt die Bahn \u00fcber eine rote Penalty Area mit anschlie\u00dfendem Dogleg links zum Gr\u00fcn. Wegen der leichten Hanglage ist es empfehlenswert, die rechte Fairwayseite anzuspielen. Wer \u00fcber einen langen Abschlag verf\u00fcgt, kann den Ball direkt im Dogleg landen lassen und so die gelbe Penalty-Area links und die Ausgrenze [&hellip;]<\/p>\n","protected":false},"author":1,"featured_media":0,"parent":39,"menu_order":0,"comment_status":"closed","ping_status":"closed","template":"","meta":{"footnotes":"","_links_to":"","_links_to_target":""},"_links":{"self":[{"href":"https:\/\/gc-brilon.de\/index.php?rest_route=\/wp\/v2\/pages\/44"}],"collection":[{"href":"https:\/\/gc-brilon.de\/index.php?rest_route=\/wp\/v2\/pages"}],"about":[{"href":"https:\/\/gc-brilon.de\/index.php?rest_route=\/wp\/v2\/types\/page"}],"author":[{"embeddable":true,"href":"https:\/\/gc-brilon.de\/index.php?rest_route=\/wp\/v2\/users\/1"}],"replies":[{"embeddable":true,"href":"https:\/\/gc-brilon.de\/index.php?rest_route=%2Fwp%2Fv2%2Fcomments&post=44"}],"version-history":[{"count":9,"href":"https:\/\/gc-brilon.de\/index.php?rest_route=\/wp\/v2\/pages\/44\/revisions"}],"predecessor-version":[{"id":546,"href":"https:\/\/gc-brilon.de\/index.php?rest_route=\/wp\/v2\/pages\/44\/revisions\/546"}],"up":[{"embeddable":true,"href":"https:\/\/gc-brilon.de\/index.php?rest_route=\/wp\/v2\/pages\/39"}],"wp:attachment":[{"href":"https:\/\/gc-brilon.de\/index.php?rest_route=%2Fwp%2Fv2%2Fmedia&parent=44"}],"curies":[{"name":"wp","href":"https:\/\/api.w.org\/{rel}","templated":true}]}}