{"id":49,"date":"2019-01-04T09:49:55","date_gmt":"2019-01-04T09:49:55","guid":{"rendered":"http:\/\/golf.m-bylebyl.de\/?page_id=49"},"modified":"2019-08-22T09:40:07","modified_gmt":"2019-08-22T09:40:07","slug":"bahn-2-11","status":"publish","type":"page","link":"https:\/\/gc-brilon.de\/?page_id=49","title":{"rendered":"Bahn 2\/11"},"content":{"rendered":"<p><a href=\"http:\/\/gc-brilon.de\/wp-content\/uploads\/2019\/05\/bahn2-11-bearb.jpg\"><img loading=\"lazy\" decoding=\"async\" class=\"alignleft wp-image-548 size-medium\" src=\"http:\/\/gc-brilon.de\/wp-content\/uploads\/2019\/05\/bahn2-11-bearb-297x300.jpg\" alt=\"\" width=\"297\" height=\"300\" srcset=\"https:\/\/gc-brilon.de\/wp-content\/uploads\/2019\/05\/bahn2-11-bearb-297x300.jpg 297w, https:\/\/gc-brilon.de\/wp-content\/uploads\/2019\/05\/bahn2-11-bearb.jpg 750w\" sizes=\"(max-width: 297px) 100vw, 297px\" \/><\/a><\/p>\n<p>Der direkte Weg f\u00fchrt \u00fcber die Penalty Area gerade zum Gr\u00fcn.<\/p>\n<p>Auf der sicheren Seite ist der Spieler, der die Richtung links zum Bunker w\u00e4hlt, da durch die Hanglage der Ball rechts zum Gr\u00fcn laufen kann und der Weg frei ist.<\/p>\n<div id=\"attachment_1030\" style=\"width: 310px\" class=\"wp-caption alignleft\"><a href=\"http:\/\/gc-brilon.de\/wp-content\/uploads\/2019\/08\/strudel.jpg\"><img loading=\"lazy\" decoding=\"async\" aria-describedby=\"caption-attachment-1030\" class=\"wp-image-1030 size-medium\" src=\"http:\/\/gc-brilon.de\/wp-content\/uploads\/2019\/08\/strudel-300x213.jpg\" alt=\"\" width=\"300\" height=\"213\" srcset=\"https:\/\/gc-brilon.de\/wp-content\/uploads\/2019\/08\/strudel-300x213.jpg 300w, https:\/\/gc-brilon.de\/wp-content\/uploads\/2019\/08\/strudel-768x545.jpg 768w, https:\/\/gc-brilon.de\/wp-content\/uploads\/2019\/08\/strudel-1024x726.jpg 1024w, https:\/\/gc-brilon.de\/wp-content\/uploads\/2019\/08\/strudel.jpg 1410w\" sizes=\"(max-width: 300px) 100vw, 300px\" \/><\/a><p id=\"caption-attachment-1030\" class=\"wp-caption-text\">Achtung Wasser!<\/p><\/div>\n<table border=\"0\">\n<thead>\n<tr>\n<td><strong>PAR<\/strong><\/td>\n<td><strong>HCP<\/strong><\/td>\n<td><strong>Herren<\/strong><\/td>\n<td><strong>Damen<\/strong><\/td>\n<td><strong>H\u00f6hendifferenz<\/strong><\/td>\n<\/tr>\n<\/thead>\n<tbody>\n<tr align=\"right\">\n<td style=\"text-align: left;\">3<\/td>\n<td style=\"text-align: left;\">15<br \/>\n16<\/td>\n<td style=\"text-align: left;\">163 m<br \/>\n127 m<\/td>\n<td style=\"text-align: left;\">127 m<br \/>\n116 m<\/td>\n<td style=\"text-align: left;\">&#8211; 1,90 m<\/td>\n<\/tr>\n<\/tbody>\n<\/table>\n","protected":false},"excerpt":{"rendered":"<p>Der direkte Weg f\u00fchrt \u00fcber die Penalty Area gerade zum Gr\u00fcn. Auf der sicheren Seite ist der Spieler, der die Richtung links zum Bunker w\u00e4hlt, da durch die Hanglage der Ball rechts zum Gr\u00fcn laufen kann und der Weg frei ist. PAR HCP Herren Damen H\u00f6hendifferenz 3 15 16 163 m 127 m 127 m [&hellip;]<\/p>\n","protected":false},"author":1,"featured_media":0,"parent":39,"menu_order":0,"comment_status":"closed","ping_status":"closed","template":"","meta":{"footnotes":"","_links_to":"","_links_to_target":""},"_links":{"self":[{"href":"https:\/\/gc-brilon.de\/index.php?rest_route=\/wp\/v2\/pages\/49"}],"collection":[{"href":"https:\/\/gc-brilon.de\/index.php?rest_route=\/wp\/v2\/pages"}],"about":[{"href":"https:\/\/gc-brilon.de\/index.php?rest_route=\/wp\/v2\/types\/page"}],"author":[{"embeddable":true,"href":"https:\/\/gc-brilon.de\/index.php?rest_route=\/wp\/v2\/users\/1"}],"replies":[{"embeddable":true,"href":"https:\/\/gc-brilon.de\/index.php?rest_route=%2Fwp%2Fv2%2Fcomments&post=49"}],"version-history":[{"count":6,"href":"https:\/\/gc-brilon.de\/index.php?rest_route=\/wp\/v2\/pages\/49\/revisions"}],"predecessor-version":[{"id":1071,"href":"https:\/\/gc-brilon.de\/index.php?rest_route=\/wp\/v2\/pages\/49\/revisions\/1071"}],"up":[{"embeddable":true,"href":"https:\/\/gc-brilon.de\/index.php?rest_route=\/wp\/v2\/pages\/39"}],"wp:attachment":[{"href":"https:\/\/gc-brilon.de\/index.php?rest_route=%2Fwp%2Fv2%2Fmedia&parent=49"}],"curies":[{"name":"wp","href":"https:\/\/api.w.org\/{rel}","templated":true}]}}