{"id":586,"date":"2019-06-11T13:12:51","date_gmt":"2019-06-11T13:12:51","guid":{"rendered":"http:\/\/golf.m-bylebyl.de\/?page_id=586"},"modified":"2025-05-17T18:36:04","modified_gmt":"2025-05-17T18:36:04","slug":"datenschutz","status":"publish","type":"page","link":"https:\/\/gc-brilon.de\/?page_id=586","title":{"rendered":"Datenschutzerkl\u00e4rung"},"content":{"rendered":"\n<p> Verantwortlicher im Sinne der Datenschutzgesetze, insbesondere der EU-Datenschutzgrundverordnung (DSGVO), ist:<\/p>\n\n\n\n<p>Ulrike Mann<\/p>\n\n\n\n<p>Unter den angegebenen Kontaktdaten unseres Datenschutzbeauftragten k\u00f6nnen Sie jederzeit folgende Rechte aus\u00fcben:<\/p>\n\n\n\n<h2 class=\"wp-block-heading\">Ihre Betroffenenrechte<\/h2>\n\n\n\n<ul>\n<li>Auskunft \u00fcber Ihre bei uns gespeicherten Daten und deren Verarbeitung (Art. 15 DSGVO),<\/li>\n\n\n\n<li>Berichtigung unrichtiger personenbezogener Daten (Art. 16 DSGVO),<\/li>\n\n\n\n<li>L\u00f6schung Ihrer bei uns gespeicherten Daten (Art. 17 DSGVO),<\/li>\n\n\n\n<li>Einschr\u00e4nkung der Datenverarbeitung, sofern wir Ihre Daten aufgrund <br>gesetzlicher Pflichten noch nicht l\u00f6schen d\u00fcrfen (Art. 18 DSGVO),<\/li>\n\n\n\n<li>Widerspruch gegen die Verarbeitung Ihrer Daten bei uns (Art. 21 DSGVO) und<\/li>\n\n\n\n<li>Daten\u00fcbertragbarkeit, sofern Sie in die Datenverarbeitung <br>eingewilligt haben oder einen Vertrag mit uns abgeschlossen haben (Art. <br>20 DSGVO).<\/li>\n<\/ul>\n\n\n\n<p>Sofern Sie uns eine Einwilligung erteilt haben, k\u00f6nnen Sie diese jederzeit mit Wirkung f\u00fcr die Zukunft widerrufen.<\/p>\n\n\n\n<p>Sie k\u00f6nnen sich jederzeit mit einer Beschwerde an eine \nAufsichtsbeh\u00f6rde wenden, z. B. an die zust\u00e4ndige Aufsichtsbeh\u00f6rde des \nBundeslands Ihres Wohnsitzes oder an die f\u00fcr uns als verantwortliche \nStelle zust\u00e4ndige Beh\u00f6rde.<\/p>\n\n\n\n<p>Eine Liste der Aufsichtsbeh\u00f6rden (f\u00fcr den nicht\u00f6ffentlichen Bereich) mit Anschrift finden Sie unter: <a href=\"https:\/\/www.bfdi.bund.de\/DE\/Infothek\/Anschriften_Links\/anschriften_links-node.html\" target=\"_blank\" rel=\"noreferrer noopener\">https:\/\/www.bfdi.bund.de\/DE\/Infothek\/Anschriften_Links\/anschriften_links-node.html<\/a>.<\/p>\n\n\n\n<h2 class=\"wp-block-heading\">Erfassung allgemeiner Informationen beim Besuch unserer Website<\/h2>\n\n\n\n<h3 class=\"wp-block-heading\">Art und Zweck der Verarbeitung:<\/h3>\n\n\n\n<p>Wenn Sie auf unsere Website zugreifen, d.h., wenn Sie sich nicht \nregistrieren oder anderweitig Informationen \u00fcbermitteln, werden \nautomatisch Informationen allgemeiner Natur erfasst. Diese Informationen\n (Server-Logfiles) beinhalten etwa die Art des Webbrowsers, das \nverwendete Betriebssystem, den Domainnamen Ihres \nInternet-Service-Providers, Ihre IP-Adresse und \u00e4hnliches. <\/p>\n\n\n\n<p>Sie werden insbesondere zu folgenden Zwecken verarbeitet:<\/p>\n\n\n\n<ul>\n<li>Sicherstellung eines problemlosen Verbindungsaufbaus der Website,<\/li>\n\n\n\n<li>Sicherstellung einer reibungslosen Nutzung unserer Website,<\/li>\n\n\n\n<li>Auswertung der Systemsicherheit und -stabilit\u00e4t sowie<\/li>\n\n\n\n<li>zu weiteren administrativen Zwecken.<\/li>\n<\/ul>\n\n\n\n<p>Wir verwenden Ihre Daten nicht, um R\u00fcckschl\u00fcsse auf Ihre Person zu \nziehen. Informationen dieser Art werden von uns ggfs. statistisch \nausgewertet, um unseren Internetauftritt und die dahinterstehende \nTechnik zu optimieren.<\/p>\n\n\n\n<h3 class=\"wp-block-heading\">Rechtsgrundlage:<\/h3>\n\n\n\n<p>Die Verarbeitung erfolgt gem\u00e4\u00df Art. 6 Abs. 1 lit. f DSGVO auf Basis \nunseres berechtigten Interesses an der Verbesserung der Stabilit\u00e4t und \nFunktionalit\u00e4t unserer Website.<\/p>\n\n\n\n<h3 class=\"wp-block-heading\">Empf\u00e4nger:<\/h3>\n\n\n\n<p>Empf\u00e4nger der Daten sind ggf. technische Dienstleister, die f\u00fcr den \nBetrieb und die Wartung unserer Webseite als Auftragsverarbeiter t\u00e4tig \nwerden.<\/p>\n\n\n\n<h3 class=\"wp-block-heading\">Speicherdauer:<\/h3>\n\n\n\n<p>Die Daten werden gel\u00f6scht, sobald diese f\u00fcr den Zweck der Erhebung \nnicht mehr erforderlich sind. Dies ist f\u00fcr die Daten, die der \nBereitstellung der Webseite dienen, grunds\u00e4tzlich der Fall, wenn die \njeweilige Sitzung beendet ist.<\/p>\n\n\n\n<h3 class=\"wp-block-heading\">Bereitstellung vorgeschrieben oder erforderlich:<\/h3>\n\n\n\n<p>Die Bereitstellung der vorgenannten personenbezogenen Daten ist weder\n gesetzlich noch vertraglich vorgeschrieben. Ohne die IP-Adresse ist \njedoch der Dienst und die Funktionsf\u00e4higkeit unserer Website nicht \ngew\u00e4hrleistet. Zudem k\u00f6nnen einzelne Dienste und Services nicht \nverf\u00fcgbar oder eingeschr\u00e4nkt sein. Aus diesem Grund ist ein Widerspruch \nausgeschlossen. <\/p>\n\n\n\n<h2 class=\"wp-block-heading\">Verwendung von Google Maps<\/h2>\n\n\n\n<h3 class=\"wp-block-heading\">Art und Zweck der Verarbeitung:<\/h3>\n\n\n\n<p>Auf dieser Webseite nutzen wir das Angebot von Google Maps. Google \nMaps wird von Google LLC, 1600 Amphitheatre Parkway, Mountain View, CA \n94043, USA (nachfolgend \u201eGoogle\u201c) betrieben. Dadurch k\u00f6nnen wir Ihnen \ninteraktive Karten direkt in der Webseite anzeigen und erm\u00f6glichen Ihnen\n die komfortable Nutzung der Karten-Funktion.<\/p>\n\n\n\n<p>N\u00e4here Informationen \u00fcber die Datenverarbeitung durch Google k\u00f6nnen Sie <a href=\"http:\/\/www.google.com\/privacypolicy.html\">den Google-Datenschutzhinweisen<\/a> entnehmen. Dort k\u00f6nnen Sie im Datenschutzcenter auch Ihre pers\u00f6nlichen Datenschutz-Einstellungen ver\u00e4ndern.<\/p>\n\n\n\n<p>Ausf\u00fchrliche Anleitungen zur Verwaltung der eigenen Daten im Zusammenhang mit Google-Produkten<a href=\"http:\/\/www.dataliberation.org\/\"> finden Sie hier<\/a>.<\/p>\n\n\n\n<h3 class=\"wp-block-heading\">Rechtsgrundlage:<\/h3>\n\n\n\n<p>Rechtsgrundlage f\u00fcr die Einbindung von Google Maps und dem damit \nverbundenen Datentransfer zu Google ist Ihre Einwilligung (Art. 6 Abs. 1\n lit. a DSGVO).<\/p>\n\n\n\n<h3 class=\"wp-block-heading\">Empf\u00e4nger:<\/h3>\n\n\n\n<p>Durch den Besuch der Webseite erh\u00e4lt Google Informationen, dass Sie \ndie entsprechende Unterseite unserer Webseite aufgerufen haben. Dies \nerfolgt unabh\u00e4ngig davon, ob Google ein Nutzerkonto bereitstellt, \u00fcber \ndas Sie eingeloggt sind, oder ob keine Nutzerkonto besteht. Wenn Sie bei\n Google eingeloggt sind, werden Ihre Daten direkt Ihrem Konto \nzugeordnet.<\/p>\n\n\n\n<p>Wenn Sie die Zuordnung in Ihrem Profil bei Google nicht w\u00fcnschen, \nm\u00fcssen Sie sich vor Aktivierung des Buttons bei Google ausloggen. Google\n speichert Ihre Daten als Nutzungsprofile und nutzt sie f\u00fcr Zwecke der \nWerbung, Marktforschung und\/oder bedarfsgerechter Gestaltung seiner \nWebseite. Eine solche Auswertung erfolgt insbesondere (selbst f\u00fcr nicht \neingeloggte Nutzer) zur Erbringung bedarfsgerechter Werbung und um \nandere Nutzer des sozialen Netzwerks \u00fcber Ihre Aktivit\u00e4ten auf unserer \nWebseite zu informieren. Ihnen steht ein Widerspruchsrecht zu gegen die \nBildung dieser Nutzerprofile, wobei Sie sich zur Aus\u00fcbung dessen an \nGoogle richten m\u00fcssen.<\/p>\n\n\n\n<h3 class=\"wp-block-heading\">Speicherdauer:<\/h3>\n\n\n\n<p>Wir erheben keine personenbezogenen Daten, durch die Einbindung von Google Maps.<\/p>\n\n\n\n<h3 class=\"wp-block-heading\">Drittlandtransfer:<\/h3>\n\n\n\n<p>Google verarbeitet Ihre Daten in den USA und hat sich dem EU_US Privacy Shield unterworfen <a href=\"https:\/\/www.privacyshield.gov\/EU-US-Framework\">https:\/\/www.privacyshield.gov\/EU-US-Framework<\/a>.<\/p>\n\n\n\n<h3 class=\"wp-block-heading\">Widerruf der Einwilligung:<\/h3>\n\n\n\n<p>Wenn Sie nicht m\u00f6chten, dass Google \u00fcber unseren Internetauftritt \nDaten \u00fcber Sie erhebt, verarbeitet oder nutzt, k\u00f6nnen Sie in Ihrem \nBrowsereinstellungen JavaScript deaktivieren. In diesem Fall k\u00f6nnen Sie \nunsere Webseite jedoch nicht oder nur eingeschr\u00e4nkt nutzen.<\/p>\n\n\n\n<h3 class=\"wp-block-heading\">Bereitstellung vorgeschrieben oder erforderlich:<\/h3>\n\n\n\n<p>Die Bereitstellung Ihrer personenbezogenen Daten erfolgt freiwillig,  allein auf Basis Ihrer Einwilligung. Sofern Sie den Zugriff unterbinden,  kann es hierdurch zu Funktionseinschr\u00e4nkungen auf der Website kommen.<\/p>\n\n\n\n<h2 class=\"wp-block-heading\">Verwendung von PC CADDIE<\/h2>\n\n\n\n<p>Um Ihnen online Turnieranmeldungen zu erm\u00f6glichen nutzen wir die Dienste von PC CADDIE. Diese Dienste werden durch die \u201cPC CADDIE:\/\/online GmbH &amp; Co. KG\u201c, Stubber Weg 39, 23847 P\u00f6litz, Deutschland bereitgestellt. Wenn Sie eine Internetseite, unserer Internetpr\u00e4senz, mit einem eingebetteten Turnierkalender, Turnieranmeldung, Turnierstartlisten, Turnierergebnissen, Startzeitenreservierung oder Scorekarten aufrufen, wird eine Verbindung zu Servern von PC CADDIE hergestellt um das entsprechende Element anzuzeigen. Hierbei kommt es technisch bedingt zur \u00dcbertragung von Daten Ihres Browsers an PC CADDIE. Wenn Sie als Mitglied eingeloggt sind um weitere Funktionen wie Beispielsweise Turnieranmeldungen, Startzeit Reservierungen, etc. zu nutzen, werden die zur Bearbeitung Ihrer Turnieranmeldung\/Reservierung\/etc. notwendigen Daten \u00fcber eine gesicherte Verbindung an PC CADDIE als technischen Dienstleister \u00fcbertragen. Eine Weitergabe der Daten an sonstige Dritte findet nicht statt.<\/p>\n\n\n\n<p>Rechtsgrundlage hierf\u00fcr ist Art. 6 Abs. 1 Satz 1 lit. b) DSGVO (Vertrag) sowie Art. 6 Abs. 1 S. 1 lit. f) DSGVO (berechtigtes Interesse). Durch die Registrierung bei PC CADDIE schlie\u00dfen Sie mit PC CADDIE einen Vertrag f\u00fcr die Online \u2013 Buchungen. Zu Erf\u00fcllung des Vertrages ist es erforderlich, dass Ihre personenbezogenen Daten durch PC CADDIE an die jeweiligen Golfanlagen oder auch Turnierveranstalter sowie Golflehrer weitgegeben werden.<\/p>\n\n\n\n<p>Weitere Informationen zur Datenverarbeitung und Hinweise zum Datenschutz durch die PC CADDIE finden Sie unter <a href=\"https:\/\/www.pccaddie.de\/footer-menu\/datenschutz.html\" target=\"_blank\" rel=\"noreferrer noopener\">https:\/\/www.pccaddie.de\/footer-menu\/datenschutz.html<\/a>.&nbsp;<\/p>\n\n\n\n<p>Zwischen uns und PC CADDIE ist ein Vertrag zur Auftragsverarbeitung gem. Art. 28 DSGVO vereinbart worden.<\/p>\n\n\n\n<p>N\u00e4here Einzelheiten zur Verarbeitung personenbezogener Daten durch PC CADDIE entnehmen Sie bitte den Datenschutzhinweisen von PC CADDIE (s.o.).<\/p>\n\n\n\n<h2 class=\"wp-block-heading\">SSL-Verschl\u00fcsselung<\/h2>\n\n\n\n<p>Um die Sicherheit Ihrer Daten bei der \u00dcbertragung zu sch\u00fctzen, \nverwenden wir dem aktuellen Stand der Technik entsprechende \nVerschl\u00fcsselungsverfahren (z. B. SSL) \u00fcber HTTPS.<\/p>\n\n\n\n<h2 class=\"wp-block-heading\">\u00c4nderung unserer Datenschutzbestimmungen<\/h2>\n\n\n\n<p>Wir behalten uns vor, diese Datenschutzerkl\u00e4rung anzupassen, damit \nsie stets den aktuellen rechtlichen Anforderungen entspricht oder um \n\u00c4nderungen unserer Leistungen in der Datenschutzerkl\u00e4rung umzusetzen, \nz.B. bei der Einf\u00fchrung neuer Services. F\u00fcr Ihren erneuten Besuch gilt \ndann die neue Datenschutzerkl\u00e4rung.<\/p>\n\n\n\n<h2 class=\"wp-block-heading\">Fragen an den Datenschutzbeauftragten<\/h2>\n\n\n\n<p>Wenn Sie Fragen zum Datenschutz haben, schreiben Sie uns bitte eine \nE-Mail oder wenden Sie sich direkt an die f\u00fcr den Datenschutz \nverantwortliche Person in unserer Organisation:<\/p>\n\n\n\n<p>Golf Club Brilon e.V. <br>H\u00f6lsterloh 6 <br>59929 Brilon<\/p>\n\n\n\n<p><em>Die Datenschutzerkl\u00e4rung wurde mithilfe der activeMind AG erstellt, den Experten f\u00fcr <a href=\"https:\/\/www.activemind.de\/datenschutz\/datenschutzhinweis-generator\/\" target=\"_blank\" rel=\"noreferrer noopener\">externe Datenschutzbeauftragte<\/a> (Version #2019-04-10).<\/em><\/p>\n\n\n\n<p><\/p>\n","protected":false},"excerpt":{"rendered":"<p>Verantwortlicher im Sinne der Datenschutzgesetze, insbesondere der EU-Datenschutzgrundverordnung (DSGVO), ist: Ulrike Mann Unter den angegebenen Kontaktdaten unseres Datenschutzbeauftragten k\u00f6nnen Sie jederzeit folgende Rechte aus\u00fcben: Ihre Betroffenenrechte Sofern Sie uns eine Einwilligung erteilt haben, k\u00f6nnen Sie diese jederzeit mit Wirkung f\u00fcr die Zukunft widerrufen. Sie k\u00f6nnen sich jederzeit mit einer Beschwerde an eine Aufsichtsbeh\u00f6rde wenden, z. [&hellip;]<\/p>\n","protected":false},"author":2,"featured_media":0,"parent":0,"menu_order":0,"comment_status":"closed","ping_status":"closed","template":"","meta":{"footnotes":"","_links_to":"","_links_to_target":""},"_links":{"self":[{"href":"https:\/\/gc-brilon.de\/index.php?rest_route=\/wp\/v2\/pages\/586"}],"collection":[{"href":"https:\/\/gc-brilon.de\/index.php?rest_route=\/wp\/v2\/pages"}],"about":[{"href":"https:\/\/gc-brilon.de\/index.php?rest_route=\/wp\/v2\/types\/page"}],"author":[{"embeddable":true,"href":"https:\/\/gc-brilon.de\/index.php?rest_route=\/wp\/v2\/users\/2"}],"replies":[{"embeddable":true,"href":"https:\/\/gc-brilon.de\/index.php?rest_route=%2Fwp%2Fv2%2Fcomments&post=586"}],"version-history":[{"count":8,"href":"https:\/\/gc-brilon.de\/index.php?rest_route=\/wp\/v2\/pages\/586\/revisions"}],"predecessor-version":[{"id":5109,"href":"https:\/\/gc-brilon.de\/index.php?rest_route=\/wp\/v2\/pages\/586\/revisions\/5109"}],"wp:attachment":[{"href":"https:\/\/gc-brilon.de\/index.php?rest_route=%2Fwp%2Fv2%2Fmedia&parent=586"}],"curies":[{"name":"wp","href":"https:\/\/api.w.org\/{rel}","templated":true}]}}