{"id":651,"date":"2019-07-22T16:41:34","date_gmt":"2019-07-22T16:41:34","guid":{"rendered":"http:\/\/golf.m-bylebyl.de\/?page_id=651"},"modified":"2022-01-08T15:56:33","modified_gmt":"2022-01-08T15:56:33","slug":"turniere-2","status":"publish","type":"page","link":"https:\/\/gc-brilon.de\/?page_id=651","title":{"rendered":"Turniere"},"content":{"rendered":"\n<p><a href=\"https:\/\/www.pccaddie.net\/clubs\/0494496\/app.php\" target=\"_blank\" rel=\"noreferrer noopener\">zu PC CADDIE online<\/a><\/p>\n\n\n\n<p><a href=\"http:\/\/gc-brilon.de\/?cat=8\">Aktuelle Turnierberichte<\/a><\/p>\n\n\n\n<p>Die eingebundene Serviceseite wird durch die PC CADDIE:\/\/ online GmbH &amp; Co KG zur Verf\u00fcgung gestellt.<\/p>\n\n\n\n<p>\u00c4nderungen und Irrt\u00fcmer vorbehalten<\/p>\n\n\n\n\n<!-- iframe plugin v.4.5 wordpress.org\/plugins\/iframe\/ -->\n<iframe loading=\"lazy\" height=\"800\" src=\"https:\/\/www.pccaddie.net\/clubs\/0494496\/app.php?cat=ts_calendar\" id=\"iFrameResizer0\" scrolling=\"no\" style=\"overflow: hidden; height: 7035px;\" width=\"100%\" class=\"iframe-class\" frameborder=\"0\"><\/iframe>\n\n","protected":false},"excerpt":{"rendered":"<p>zu PC CADDIE online Aktuelle Turnierberichte Die eingebundene Serviceseite wird durch die PC CADDIE:\/\/ online GmbH &amp; Co KG zur Verf\u00fcgung gestellt. \u00c4nderungen und Irrt\u00fcmer vorbehalten<\/p>\n","protected":false},"author":2,"featured_media":0,"parent":0,"menu_order":0,"comment_status":"closed","ping_status":"closed","template":"","meta":{"footnotes":"","_links_to":"","_links_to_target":""},"_links":{"self":[{"href":"https:\/\/gc-brilon.de\/index.php?rest_route=\/wp\/v2\/pages\/651"}],"collection":[{"href":"https:\/\/gc-brilon.de\/index.php?rest_route=\/wp\/v2\/pages"}],"about":[{"href":"https:\/\/gc-brilon.de\/index.php?rest_route=\/wp\/v2\/types\/page"}],"author":[{"embeddable":true,"href":"https:\/\/gc-brilon.de\/index.php?rest_route=\/wp\/v2\/users\/2"}],"replies":[{"embeddable":true,"href":"https:\/\/gc-brilon.de\/index.php?rest_route=%2Fwp%2Fv2%2Fcomments&post=651"}],"version-history":[{"count":12,"href":"https:\/\/gc-brilon.de\/index.php?rest_route=\/wp\/v2\/pages\/651\/revisions"}],"predecessor-version":[{"id":3635,"href":"https:\/\/gc-brilon.de\/index.php?rest_route=\/wp\/v2\/pages\/651\/revisions\/3635"}],"wp:attachment":[{"href":"https:\/\/gc-brilon.de\/index.php?rest_route=%2Fwp%2Fv2%2Fmedia&parent=651"}],"curies":[{"name":"wp","href":"https:\/\/api.w.org\/{rel}","templated":true}]}}