{"id":688,"date":"2019-07-27T12:46:51","date_gmt":"2019-07-27T12:46:51","guid":{"rendered":"http:\/\/golf.m-bylebyl.de\/?page_id=688"},"modified":"2022-01-09T13:23:16","modified_gmt":"2022-01-09T13:23:16","slug":"datenschutzhinweis","status":"publish","type":"page","link":"https:\/\/gc-brilon.de\/?page_id=688","title":{"rendered":"Datenschutzhinweis"},"content":{"rendered":"\n<p>\n\t<strong>Datenschutz und Zustimmungserkl\u00e4rung bei Wettspielen<\/strong><\/p>\n\n\n\n<p>Mit der Anmeldung zu einem Turnier \/ Event \/ Kurs des Golfclub Brilon e.V. willigen Sie ein, dass Ihr Name, Vorgabe, Startzeit und Ergebnisse auf den Startlisten und den Ergebnislisten online und offline ver\u00f6ffentlicht werden. Weiter willigen Sie mit der Meldung zum Wettspiel  auch in die Ver\u00f6ffentlichung Ihres Namens, Vorgabe und  Wettspielergebnisses sowie evtl. Fotos von Ihnen im \u00f6ffentlichen Internet,  Berichterstattungen und Ergebnislisten des\u00a0 Golfclub Brilon e.V., des Veranstalters und des  DGV ein. Weiter erkl\u00e4ren Sie sich damit einverstanden, das Ihre  Startzeiten und eventuelle Turnierinformationen, bei Bedarf, per SMS  oder E-Mail an Sie weitergeleitet werden k\u00f6nnen.<\/p>\n","protected":false},"excerpt":{"rendered":"<p>Datenschutz und Zustimmungserkl\u00e4rung bei Wettspielen Mit der Anmeldung zu einem Turnier \/ Event \/ Kurs des Golfclub Brilon e.V. willigen Sie ein, dass Ihr Name, Vorgabe, Startzeit und Ergebnisse auf den Startlisten und den Ergebnislisten online und offline ver\u00f6ffentlicht werden. Weiter willigen Sie mit der Meldung zum Wettspiel auch in die Ver\u00f6ffentlichung Ihres Namens, Vorgabe [&hellip;]<\/p>\n","protected":false},"author":2,"featured_media":0,"parent":0,"menu_order":0,"comment_status":"closed","ping_status":"closed","template":"","meta":{"footnotes":"","_links_to":"","_links_to_target":""},"_links":{"self":[{"href":"https:\/\/gc-brilon.de\/index.php?rest_route=\/wp\/v2\/pages\/688"}],"collection":[{"href":"https:\/\/gc-brilon.de\/index.php?rest_route=\/wp\/v2\/pages"}],"about":[{"href":"https:\/\/gc-brilon.de\/index.php?rest_route=\/wp\/v2\/types\/page"}],"author":[{"embeddable":true,"href":"https:\/\/gc-brilon.de\/index.php?rest_route=\/wp\/v2\/users\/2"}],"replies":[{"embeddable":true,"href":"https:\/\/gc-brilon.de\/index.php?rest_route=%2Fwp%2Fv2%2Fcomments&post=688"}],"version-history":[{"count":4,"href":"https:\/\/gc-brilon.de\/index.php?rest_route=\/wp\/v2\/pages\/688\/revisions"}],"predecessor-version":[{"id":3641,"href":"https:\/\/gc-brilon.de\/index.php?rest_route=\/wp\/v2\/pages\/688\/revisions\/3641"}],"wp:attachment":[{"href":"https:\/\/gc-brilon.de\/index.php?rest_route=%2Fwp%2Fv2%2Fmedia&parent=688"}],"curies":[{"name":"wp","href":"https:\/\/api.w.org\/{rel}","templated":true}]}}