{"id":758,"date":"2019-07-28T08:49:03","date_gmt":"2019-07-28T08:49:03","guid":{"rendered":"http:\/\/golf.m-bylebyl.de\/?page_id=758"},"modified":"2026-03-24T10:31:40","modified_gmt":"2026-03-24T10:31:40","slug":"greenfee-ermaessigungen","status":"publish","type":"page","link":"https:\/\/gc-brilon.de\/?page_id=758","title":{"rendered":"Greenfee-Erm\u00e4\u00dfigungen"},"content":{"rendered":"\n<p>Die Greenfee-Erm\u00e4\u00dfigungen gelten gegenseitig.<\/p>\n\n\n\n<figure class=\"wp-block-table alignleft is-style-regular\"><table><tbody><tr><td><\/td><td><a href=\"https:\/\/www.golfclub-bad-salzuflen.de\/\" data-type=\"link\" data-id=\"https:\/\/www.golfclub-bad-salzuflen.de\/\" target=\"_blank\" rel=\"noreferrer noopener\">Golf und Landclub <br>Bad Salzuflen von 1956 e.V.<\/a><\/td><td>Sommergreenfee \u00fcber 18-Loch 35,-\u20ac <br>und 9-Loch 20,-\u20ac&nbsp;<br>an allen Tagen&nbsp;<\/td><\/tr><tr><td><img loading=\"lazy\" decoding=\"async\" width=\"70\" height=\"88\" class=\"wp-image-2252\" style=\"width: 70px;\" src=\"https:\/\/gc-brilon.de\/wp-content\/uploads\/2020\/05\/Logo_Golf_04-14__NEU.jpg\" alt=\"\" srcset=\"https:\/\/gc-brilon.de\/wp-content\/uploads\/2020\/05\/Logo_Golf_04-14__NEU.jpg 721w, https:\/\/gc-brilon.de\/wp-content\/uploads\/2020\/05\/Logo_Golf_04-14__NEU-239x300.jpg 239w\" sizes=\"(max-width: 70px) 100vw, 70px\" \/><\/td><td><a href=\"http:\/\/golfclub-wittgensteiner-land.com\/\">Golfclub <br>Wittgensteiner Land<\/a><\/td><td>Greenfee-Erm\u00e4\u00dfigung: 50 %<br>an allen Tagen  <\/td><\/tr><tr><td><img loading=\"lazy\" decoding=\"async\" width=\"77\" height=\"80\" class=\"wp-image-761\" style=\"width: 77px;\" src=\"http:\/\/gc-brilon.de\/wp-content\/uploads\/2019\/07\/1.jpg\" alt=\"\"><\/td><td><a rel=\"noreferrer noopener\" aria-label=\"British Army\nGolf Club\nSennelager (\u00f6ffnet in neuem Tab)\" href=\"https:\/\/www.sennelagergolfclub.de\/\" target=\"_blank\">British Army<br>Golf Club<br><\/a>Sennelager<\/td><td>Mo . Fr: 30 \u20ac<br>Wochenende, Feiertags: 40 \u20ac<\/td><\/tr><tr><td><img loading=\"lazy\" decoding=\"async\" width=\"130\" height=\"77\" class=\"wp-image-762\" style=\"width: 130px;\" src=\"http:\/\/gc-brilon.de\/wp-content\/uploads\/2019\/07\/2.jpg\" alt=\"\"><\/td><td><a aria-label=\"GC Eichenheim (\u00f6ffnet in neuem Tab)\" href=\"https:\/\/www.eichenheim.com\/\" target=\"_blank\" rel=\"noreferrer noopener\">GC <\/a><br><a aria-label=\"GC Eichenheim (\u00f6ffnet in neuem Tab)\" href=\"https:\/\/www.eichenheim.com\/\" target=\"_blank\" rel=\"noreferrer noopener\">Eichenheim<\/a><br>Kitzb\u00fchel<\/td><td>Greenfee-Erm\u00e4\u00dfigung: 20 %<br>an allen Tagen nur auf der <br>18 Loch Runde<br>StV -45<\/td><\/tr><tr><td><img loading=\"lazy\" decoding=\"async\" width=\"113\" height=\"100\" class=\"wp-image-771\" style=\"width: 113px;\" src=\"http:\/\/gc-brilon.de\/wp-content\/uploads\/2019\/07\/4.jpg\" alt=\"\"><\/td><td><a rel=\"noreferrer noopener\" aria-label=\"GC Bad Arolsen (\u00f6ffnet in neuem Tab)\" href=\"https:\/\/www.golf-arolsen.de\/nc\/home\/\" target=\"_blank\">GC <\/a><br><a rel=\"noreferrer noopener\" aria-label=\"GC Bad Arolsen (\u00f6ffnet in neuem Tab)\" href=\"https:\/\/www.golf-arolsen.de\/nc\/home\/\" target=\"_blank\">Bad Arolsen<\/a><\/td><td>Greenfee-Erm\u00e4\u00dfigung: 50 %<br>an allen Tagen <br>nur auf der 18 Loch Runde <\/td><\/tr><tr><td><img decoding=\"async\" class=\"wp-image-768\" style=\"width: 132px;\" src=\"http:\/\/gc-brilon.de\/wp-content\/uploads\/2019\/07\/3.jpg\" alt=\"\"><\/td><td><a href=\"http:\/\/www.gc-gelstern.de\/home.asp\" target=\"_blank\" rel=\"noreferrer noopener\" aria-label=\"GC Gelstern (\u00f6ffnet in neuem Tab)\">GC Gelstern<\/a><\/td><td>Greenfee-Erm\u00e4\u00dfigung: 50 %<br>an allen Tagen<br>nur auf der 18 Loch Runde  <\/td><\/tr><tr><td><img loading=\"lazy\" decoding=\"async\" width=\"115\" height=\"100\" class=\"wp-image-775\" style=\"width: 115px;\" src=\"http:\/\/gc-brilon.de\/wp-content\/uploads\/2019\/07\/5.jpg\" alt=\"\"><\/td><td><a href=\"https:\/\/www.golfclub-kassel.de\/\" target=\"_blank\" rel=\"noreferrer noopener\" aria-label=\"GC Kasse (\u00f6ffnet in neuem Tab)\">GC Kasse<\/a><a rel=\"noreferrer noopener\" aria-label=\"GC Kassel (\u00f6ffnet in neuem Tab)\" href=\"https:\/\/www.golfclub-kassel.de\/\" target=\"_blank\">l<\/a><\/td><td>Greenfee-Erm\u00e4\u00dfigung: 50 %<br>an allen Tagen <br>nur auf der 18 Loch Runde  <\/td><\/tr><tr><td><img loading=\"lazy\" decoding=\"async\" width=\"100\" height=\"100\" class=\"wp-image-776\" style=\"width: 100px;\" src=\"http:\/\/gc-brilon.de\/wp-content\/uploads\/2019\/07\/6.jpg\" alt=\"\"><\/td><td><a href=\"http:\/\/www.haus-leythe.de\/\" target=\"_blank\" rel=\"noreferrer noopener\" aria-label=\"GC Haus \nLeythe (\u00f6ffnet in neuem Tab)\">GC Haus <br>Leythe<\/a><br>Gelsenkirchen<\/td><td>Greenfee 30,-\u20ac<br>nur wochentags<br>nur auf der 18 Loch Runde  <\/td><\/tr><tr><td><img decoding=\"async\" class=\"wp-image-777\" style=\"width: 150px;\" src=\"http:\/\/gc-brilon.de\/wp-content\/uploads\/2019\/07\/7.png\" alt=\"\"><\/td><td><a href=\"https:\/\/www.golfclub-moehnesee.de\/\" target=\"_blank\" rel=\"noreferrer noopener\" aria-label=\"GC M\u00f6hnesee (\u00f6ffnet in neuem Tab)\">GC M\u00f6hnesee<\/a><\/td><td>Greenfee-Erm\u00e4\u00dfigung: 25%<br>nur wochentags <br>auf das regul\u00e4re WT-Greenfee <\/td><\/tr><tr><td><img loading=\"lazy\" decoding=\"async\" width=\"110\" height=\"110\" class=\"wp-image-798\" style=\"width: 110px;\" src=\"http:\/\/gc-brilon.de\/wp-content\/uploads\/2019\/07\/14.png\" alt=\"\" srcset=\"https:\/\/gc-brilon.de\/wp-content\/uploads\/2019\/07\/14.png 225w, https:\/\/gc-brilon.de\/wp-content\/uploads\/2019\/07\/14-150x150.png 150w\" sizes=\"(max-width: 110px) 100vw, 110px\" \/><\/td><td><a href=\"https:\/\/www.royal-dortmund-gc.de\/\" target=\"_blank\" rel=\"noreferrer noopener\" aria-label=\"Royal Saint \nBarbara\u00b4s  \nDortmund \nGolf Club e.V. (\u00f6ffnet in neuem Tab)\">Royal Saint <br>Barbara\u00b4s  <br>Dortmund <br>Golf Club e.V.<\/a><\/td><td>Greenfee-Erm\u00e4\u00dfigung: 25,-\u20ac<br>nur wochentags<br>nur auf der 18 Loch Runde<\/td><\/tr><tr><td><img loading=\"lazy\" decoding=\"async\" width=\"110\" height=\"106\" class=\"wp-image-796\" style=\"width: 110px;\" src=\"http:\/\/gc-brilon.de\/wp-content\/uploads\/2019\/07\/13.png\" alt=\"\"><\/td><td><a href=\"https:\/\/www.gcpaderbornerland.de\/\" target=\"_blank\" rel=\"noreferrer noopener\" aria-label=\"GC Pader-\nborner \nLand (\u00f6ffnet in neuem Tab)\">GC Pader-<br>borner <br>Land<\/a><\/td><td>Greenfee: 30\u20ac<br>nur Mo &#8211; Fr<br>nur auf der 18 Loch Runde  <\/td><\/tr><tr><td><img loading=\"lazy\" decoding=\"async\" width=\"130\" height=\"130\" class=\"wp-image-795\" style=\"width: 130px;\" src=\"http:\/\/gc-brilon.de\/wp-content\/uploads\/2019\/07\/12.jpg\" alt=\"\" srcset=\"https:\/\/gc-brilon.de\/wp-content\/uploads\/2019\/07\/12.jpg 225w, https:\/\/gc-brilon.de\/wp-content\/uploads\/2019\/07\/12-150x150.jpg 150w\" sizes=\"(max-width: 130px) 100vw, 130px\" \/><\/td><td><a rel=\"noreferrer noopener\" aria-label=\"GC Repetal (\u00f6ffnet in neuem Tab)\" href=\"https:\/\/golfclub-repetal.de\/\" target=\"_blank\">GC Repetal<\/a><br>Attendorn<\/td><td>Greenfee-Erm\u00e4\u00dfigung: 50 %<br>an allen Tagen <br>nur auf der 18 Loch Runde  <\/td><\/tr><tr><td><img loading=\"lazy\" decoding=\"async\" width=\"120\" height=\"72\" class=\"wp-image-792\" style=\"width: 120px;\" src=\"http:\/\/gc-brilon.de\/wp-content\/uploads\/2019\/07\/9.jpg\" alt=\"\"><\/td><td><a rel=\"noreferrer noopener\" aria-label=\"GC Sauerland (\u00f6ffnet in neuem Tab)\" href=\"https:\/\/www.golfclub-sauerland.de\/\" target=\"_blank\">GC Sauerland<\/a><br>Arnsberg<\/td><td>Greenfee: <br>30,-\u20ac Montag-Freitag<br>50,-\u20ac WE\/Feiertag <br>nur auf der 18 Loch Runde<\/td><\/tr><tr><td><img loading=\"lazy\" decoding=\"async\" width=\"100\" height=\"122\" class=\"wp-image-789\" style=\"width: 100px;\" src=\"http:\/\/gc-brilon.de\/wp-content\/uploads\/2019\/07\/10.jpg\" alt=\"\"><\/td><td><a rel=\"noreferrer noopener\" aria-label=\"GC Schmallenberg (\u00f6ffnet in neuem Tab)\" href=\"https:\/\/www.golfclub-schmallenberg.de\/\" target=\"_blank\">GC <\/a><br><a rel=\"noreferrer noopener\" aria-label=\"GC Schmallenberg (\u00f6ffnet in neuem Tab)\" href=\"https:\/\/www.golfclub-schmallenberg.de\/\" target=\"_blank\">Schmallenberg<\/a><\/td><td>Greenfee-Erm\u00e4\u00dfigung: 30 %<br>nur wochentags<br>nur auf der 18 Loch Runde   <\/td><\/tr><tr><td><\/td><td><\/td><td><\/td><\/tr><tr><td><img loading=\"lazy\" decoding=\"async\" width=\"110\" height=\"110\" class=\"wp-image-787\" style=\"width: 110px;\" src=\"http:\/\/gc-brilon.de\/wp-content\/uploads\/2019\/07\/11.jpg\" alt=\"\" srcset=\"https:\/\/gc-brilon.de\/wp-content\/uploads\/2019\/07\/11.jpg 225w, https:\/\/gc-brilon.de\/wp-content\/uploads\/2019\/07\/11-150x150.jpg 150w\" sizes=\"(max-width: 110px) 100vw, 110px\" \/><\/td><td><a href=\"https:\/\/www.golfhausamecke.de\/\" target=\"_blank\" rel=\"noreferrer noopener\" aria-label=\"Golf am \nHaus Amecke (\u00f6ffnet in neuem Tab)\">Golf am <br>Haus Amecke<\/a><br>(Sorpesee)<\/td><td>Greenfee-Erm\u00e4\u00dfigung: 50 %<br>an allen Tagen <br><\/td><\/tr><tr><td><img loading=\"lazy\" decoding=\"async\" width=\"110\" height=\"110\" class=\"wp-image-889\" style=\"width: 110px;\" src=\"http:\/\/gc-brilon.de\/wp-content\/uploads\/2019\/07\/17.png\" alt=\"\" srcset=\"https:\/\/gc-brilon.de\/wp-content\/uploads\/2019\/07\/17.png 225w, https:\/\/gc-brilon.de\/wp-content\/uploads\/2019\/07\/17-150x150.png 150w\" sizes=\"(max-width: 110px) 100vw, 110px\" \/><\/td><td><a href=\"http:\/\/www.gc-westheim.de\/de\/index.php\" target=\"_blank\" rel=\"noreferrer noopener\" aria-label=\"GC Westheim (\u00f6ffnet in neuem Tab)\">GC Westheim<\/a><\/td><td>Greenfee-Erm\u00e4\u00dfigung: 50 %<br>an allen Tagen <br>nur auf der 18 Loch Runde <\/td><\/tr><tr><td><\/td><td><\/td><td><\/td><\/tr><tr><td><img loading=\"lazy\" decoding=\"async\" width=\"110\" height=\"110\" class=\"wp-image-882\" style=\"width: 110px;\" src=\"http:\/\/gc-brilon.de\/wp-content\/uploads\/2019\/07\/14.jpg\" alt=\"\"><\/td><td><a href=\"https:\/\/www.gc-werl.de\/\" target=\"_blank\" rel=\"noreferrer noopener\" aria-label=\"GC Werl (\u00f6ffnet in neuem Tab)\">GC Werl<\/a><\/td><td>Greenfee-Erm\u00e4\u00dfigung: 50 %<br>an allen Tagen <br>nur auf der 18 Loch Runde <\/td><\/tr><tr><td><img loading=\"lazy\" decoding=\"async\" width=\"110\" height=\"125\" class=\"wp-image-879\" style=\"width: 110px;\" src=\"http:\/\/gc-brilon.de\/wp-content\/uploads\/2019\/07\/13.jpg\" alt=\"\"><\/td><td><a href=\"https:\/\/golfclub-winterberg.de\/\" target=\"_blank\" rel=\"noreferrer noopener\" aria-label=\"GC \nWinterberg (\u00f6ffnet in neuem Tab)\">GC <br>Winterberg<\/a><\/td><td>Greenfee-Erm\u00e4\u00dfigung: 50 %<br>an allen Wochentagen <br>nur auf der 18 Loch Runde <\/td><\/tr><tr><td><img loading=\"lazy\" decoding=\"async\" width=\"120\" height=\"57\" class=\"wp-image-887\" style=\"width: 120px;\" src=\"http:\/\/gc-brilon.de\/wp-content\/uploads\/2019\/07\/16.png\" alt=\"\" srcset=\"https:\/\/gc-brilon.de\/wp-content\/uploads\/2019\/07\/16.png 326w, https:\/\/gc-brilon.de\/wp-content\/uploads\/2019\/07\/16-300x143.png 300w\" sizes=\"(max-width: 120px) 100vw, 120px\" \/><\/td><td><a href=\"https:\/\/www.golfclub-salzburg.at\/\" target=\"_blank\" rel=\"noreferrer noopener\" aria-label=\"GC Salzburg (\u00f6ffnet in neuem Tab)\">GC Salzburg<\/a><\/td><td>Greenfee-Erm\u00e4\u00dfigung: 50 %<br>an allen Wochentagen <br>nur auf der 18 Loch Runde <br>g\u00fcltig auf den Pl\u00e4tzen:<br>Golfanlage Rif-Hallein<br>GC Eugendorf<br>GC Schloss Fuschl<br>GC Donau Linz-Feldkirchen<\/td><\/tr><\/tbody><\/table><\/figure>\n\n\n\n<p><\/p>\n","protected":false},"excerpt":{"rendered":"<p>Die Greenfee-Erm\u00e4\u00dfigungen gelten gegenseitig. Golf und Landclub Bad Salzuflen von 1956 e.V. Sommergreenfee \u00fcber 18-Loch 35,-\u20ac und 9-Loch 20,-\u20ac&nbsp;an allen Tagen&nbsp; Golfclub Wittgensteiner Land Greenfee-Erm\u00e4\u00dfigung: 50 %an allen Tagen British ArmyGolf ClubSennelager Mo . Fr: 30 \u20acWochenende, Feiertags: 40 \u20ac GC EichenheimKitzb\u00fchel Greenfee-Erm\u00e4\u00dfigung: 20 %an allen Tagen nur auf der 18 Loch RundeStV -45 GC [&hellip;]<\/p>\n","protected":false},"author":2,"featured_media":0,"parent":0,"menu_order":0,"comment_status":"closed","ping_status":"closed","template":"","meta":{"footnotes":"","_links_to":"","_links_to_target":""},"_links":{"self":[{"href":"https:\/\/gc-brilon.de\/index.php?rest_route=\/wp\/v2\/pages\/758"}],"collection":[{"href":"https:\/\/gc-brilon.de\/index.php?rest_route=\/wp\/v2\/pages"}],"about":[{"href":"https:\/\/gc-brilon.de\/index.php?rest_route=\/wp\/v2\/types\/page"}],"author":[{"embeddable":true,"href":"https:\/\/gc-brilon.de\/index.php?rest_route=\/wp\/v2\/users\/2"}],"replies":[{"embeddable":true,"href":"https:\/\/gc-brilon.de\/index.php?rest_route=%2Fwp%2Fv2%2Fcomments&post=758"}],"version-history":[{"count":46,"href":"https:\/\/gc-brilon.de\/index.php?rest_route=\/wp\/v2\/pages\/758\/revisions"}],"predecessor-version":[{"id":5226,"href":"https:\/\/gc-brilon.de\/index.php?rest_route=\/wp\/v2\/pages\/758\/revisions\/5226"}],"wp:attachment":[{"href":"https:\/\/gc-brilon.de\/index.php?rest_route=%2Fwp%2Fv2%2Fmedia&parent=758"}],"curies":[{"name":"wp","href":"https:\/\/api.w.org\/{rel}","templated":true}]}}